{"id":102,"date":"2018-02-15T09:02:10","date_gmt":"2018-02-15T09:02:10","guid":{"rendered":"http:\/\/oshinewptheme.com\/v39\/?page_id=5"},"modified":"2024-12-06T07:05:11","modified_gmt":"2024-12-06T07:05:11","slug":"home","status":"publish","type":"page","link":"https:\/\/www.alindobrin.ro\/travel\/","title":{"rendered":"V39 Home"},"content":{"rendered":"<div id=\"home\" class=\"tatsu-foh91okp4tcugcv1 tatsu-section  tatsu-parallax tatsu-fullscreen tatsu-bg-overlay   tatsu-clearfix\" data-title=\"HOME\"  data-headerscheme=\"background--dark\"><div class=\"tatsu-fullscreen-wrap\"><div class='tatsu-section-pad clearfix' data-padding='{\"d\":\"150px 0px 150px 0px \"}' data-padding-top='150px'><div class=\"tatsu-row-wrap  tatsu-wrap tatsu-row-one-col tatsu-row-has-one-cols tatsu-medium-gutter tatsu-reg-cols  tatsu-clearfix tatsu-foh91okp5l411ylm\" ><div  class=\"tatsu-row \" ><div  class=\"tatsu-column  tatsu-column-no-bg tatsu-one-col tatsu-column-image-none tatsu-column-effect-none  tatsu-foh91okp5wcmjwt6\"  data-parallax-speed=\"0\" style=\"\"><div class=\"tatsu-column-inner \" ><div class=\"tatsu-column-pad-wrap\"><div class=\"tatsu-column-pad\" ><div  class=\"tatsu-module tatsu-inline-text clearfix tatsu-foh91okp6ic3mdoh   \" ><style>.tatsu-foh91okp6ic3mdoh .tatsu-inline-text-inner{width: 100%;text-align: left;}.tatsu-foh91okp6ic3mdoh.tatsu-inline-text{margin: 0px 0px 40px 0px ;}<\/style><div class=\"tatsu-inline-text-inner tatsu-align-center\">\n<h2 style=\"text-align: center;\"><span style=\"color: #f5f5f5;\">Take every chance you get in life, <\/span><\/h2>\n<h2 style=\"text-align: center;\"><span style=\"color: #f5f5f5;\">because some things happen only ONCE<\/span><\/h2>\n<p style=\"text-align: center;\"><span style=\"color: #f5f5f5;\">A L I N\u00a0 D O B R I N ,\u00a0 F O T O G R A F\u00a0 &#038;\u00a0 C A L A T O R<\/span><\/p>\n<\/div><\/div><div  class=\"tatsu-module tatsu-normal-button tatsu-button-wrap align-block block-center  tatsu-foh96nb2113izf62   \"><a class=\"tatsu-shortcode mediumbtn tatsu-button left-icon    bg-animation-none  \" href=\"https:\/\/www.alindobrin.ro\/travel\/index.php\/galerii\/\" style= \"\"  aria-label=\"povesti de calatorie in imagini\" data-gdpr-atts={} >povesti de calatorie in imagini<\/a><style>.tatsu-foh96nb2113izf62 .tatsu-button:hover{background-color: rgba(255,255,255,1);color: rgba(0,0,0,1) ;border-color: rgba(255,255,255,1); }.tatsu-foh96nb2113izf62 .tatsu-button{color: rgba(255,255,255,1) ;border-width: 1px;border-color: rgba(255,255,255,1); }<\/style><\/div><\/div><\/div><div class = \"tatsu-column-bg-image-wrap\"><div class = \"tatsu-column-bg-image\" ><\/div><\/div><\/div><style>.tatsu-row > .tatsu-foh91okp5wcmjwt6.tatsu-column{width: 100%;}.tatsu-foh91okp5wcmjwt6.tatsu-column > .tatsu-column-inner > .tatsu-column-overlay{mix-blend-mode: none;}.tatsu-foh91okp5wcmjwt6 > .tatsu-column-inner > .tatsu-top-divider{z-index: 9999;}.tatsu-foh91okp5wcmjwt6 > .tatsu-column-inner > .tatsu-bottom-divider{z-index: 9999;}.tatsu-foh91okp5wcmjwt6 > .tatsu-column-inner > .tatsu-left-divider{z-index: 9999;}.tatsu-foh91okp5wcmjwt6 > .tatsu-column-inner > .tatsu-right-divider{z-index: 9999;}<\/style><\/div><\/div><\/div><\/div><div class=\"tatsu-section-background-wrap tatsu-parallax-element-wrap\"><div class = \"tatsu-section-background tatsu-parallax-element\" ><\/div><\/div><div class=\"tatsu-overlay tatsu-section-overlay\"><\/div><\/div><style>.tatsu-foh91okp4tcugcv1 .tatsu-section-background{background-image: url(https:\/\/www.alindobrin.ro\/travel\/wp-content\/uploads\/2019\/05\/817C0485-Retezat-low.jpg);background-repeat: no-repeat;background-attachment: fixed;background-position: bottom center;background-size: cover;}.tatsu-foh91okp4tcugcv1 .tatsu-bg-blur{background-repeat: no-repeat;background-attachment: fixed;background-position: bottom center;background-size: cover;}.tatsu-foh91okp4tcugcv1 .tatsu-section-pad{padding: 150px 0px 150px 0px ;}.tatsu-foh91okp4tcugcv1 > .tatsu-bottom-divider{z-index: 9999;}.tatsu-foh91okp4tcugcv1 > .tatsu-top-divider{z-index: 9999;}.tatsu-foh91okp4tcugcv1 .tatsu-section-overlay{background: rgba(0,0,0,0.43);mix-blend-mode: normal;}.tatsu-foh91okp4tcugcv1 .tatsu-fullscreen-wrap{align-items: center;}<\/style><\/div><div id=\"portfolio\" class=\"tatsu-fohema2ckt90zwx6 tatsu-section    tatsu-clearfix\" data-title=\"\"  data-headerscheme=\"background--dark\"><div class='tatsu-section-pad clearfix' data-padding='{\"d\":\"0px 0px 0px 0px \"}' data-padding-top='0px'><div class=\"tatsu-row-wrap  tatsu-row-full-width tatsu-row-one-col tatsu-row-has-one-cols tatsu-medium-gutter tatsu-reg-cols  tatsu-clearfix tatsu-fohema2clhbbkmc3\" ><div  class=\"tatsu-row \" ><div  class=\"tatsu-column  tatsu-column-no-bg tatsu-one-col tatsu-column-image-none tatsu-column-effect-none  tatsu-fohema2clsaaq5rb\"  data-parallax-speed=\"0\" style=\"\"><div class=\"tatsu-column-inner \" ><div class=\"tatsu-column-pad-wrap\"><div class=\"tatsu-column-pad\" ><div  class = \"portfolio-all-wrap oshine-portfolio-module tatsu-fohema2cmcfc11tw\"  > <div class=\"portfolio full-screen  full-screen-gutter masonry_disable style1-gutter three-col \"  data-action=\"get_ajax_full_screen_gutter_portfolio\" data-category=\"\" data-aspect-ratio = \"1\" data-enable-masonry=\"0\" data-showposts=\"9\" data-paged=\"2\" data-col=\"three\" data-gallery=\"0\" data-filter=\"portfolio_categories\" data-meta_to_show=\"portfolio_categories\" data-show_filters=\"no\" data-thumbnail-bg-color=\"\" data-thumbnail-bg-gradient=\"background:rgba(0,0,0,0.55)\" data-title-style=\"style3\" data-cat-color=\"rgba(255,255,255,1)\" data-title-color=\"rgba(255,255,255,1)\" data-hover-style=\"style1-hover\"  data-gutter-width=\"20\" data-img-grayscale=\"c_to_c\"\" data-gradient-style-color=\"background:rgba(0,0,0,0.55)\" data-cat-hide=\"1\" data-like-indicator=\"1\" style=\"margin-right: 20px;\"><div class=\"portfolio-container clickable clearfix portfolio-shortcode  none \"><div class=\"element be-hoverlay not-wide no-wide-width-height style1-hover c_to_c style3-title\"style=\"margin-bottom: 20px;\" data-category-names = \"\"><div class=\"element-inner\" style=\"margin-left: 20px;\"><a href=\"https:\/\/www.alindobrin.ro\/travel\/index.php\/portfolio\/insula-thassos\/\" class=\" thumb-wrap   \" data-gdpr-atts={} title=\"lefkada2\" ><div class=\"flip-wrap\" ><div   style = \"padding-bottom : 100%;;\" class=\"flip-img-wrap\"><img decoding=\"async\" src=\"https:\/\/www.alindobrin.ro\/travel\/wp-content\/uploads\/2022\/02\/lefkada2-650x650.jpg\" alt=\"Lefkada\"\/><\/div><\/div><div class=\"thumb-overlay \"><div class=\"thumb-bg \" style=\"background:rgba(0,0,0,0.55)\"><div class=\"thumb-title-wrap \"><div class=\"thumb-title animated animation-trigger\" data-animation-type=\"none\"style=\"color:rgba(255,255,255,1);\">Insula Thassos<\/div><\/div><\/div><\/div><\/a><\/div><\/div><div class=\"element be-hoverlay not-wide no-wide-width-height style1-hover c_to_c style3-title\"style=\"margin-bottom: 20px;\" data-category-names = \"\"><div class=\"element-inner\" style=\"margin-left: 20px;\"><a href=\"https:\/\/www.alindobrin.ro\/travel\/index.php\/portfolio\/corfu\/\" class=\" thumb-wrap   \" data-gdpr-atts={} title=\"Horoabe-0013\" ><div class=\"flip-wrap\" ><div   style = \"padding-bottom : 100%;;\" class=\"flip-img-wrap\"><img decoding=\"async\" src=\"https:\/\/www.alindobrin.ro\/travel\/wp-content\/uploads\/2024\/12\/Horoabe-0013-650x650.jpg\" alt=\"\"\/><\/div><\/div><div class=\"thumb-overlay \"><div class=\"thumb-bg \" style=\"background:rgba(0,0,0,0.55)\"><div class=\"thumb-title-wrap \"><div class=\"thumb-title animated animation-trigger\" data-animation-type=\"none\"style=\"color:rgba(255,255,255,1);\">Canionul Horoabei<\/div><\/div><\/div><\/div><\/a><\/div><\/div><div class=\"element be-hoverlay not-wide no-wide-width-height style1-hover c_to_c style3-title\"style=\"margin-bottom: 20px;\" data-category-names = \"\"><div class=\"element-inner\" style=\"margin-left: 20px;\"><a href=\"https:\/\/www.alindobrin.ro\/travel\/index.php\/portfolio\/vourvouru\/\" class=\" thumb-wrap   \" data-gdpr-atts={} title=\"AA8A6359-Edit\" ><div class=\"flip-wrap\" ><div   style = \"padding-bottom : 100%;;\" class=\"flip-img-wrap\"><img decoding=\"async\" src=\"https:\/\/www.alindobrin.ro\/travel\/wp-content\/uploads\/2020\/01\/AA8A6359-Edit-650x650.jpg\" alt=\"\"\/><\/div><\/div><div class=\"thumb-overlay \"><div class=\"thumb-bg \" style=\"background:rgba(0,0,0,0.55)\"><div class=\"thumb-title-wrap \"><div class=\"thumb-title animated animation-trigger\" data-animation-type=\"none\"style=\"color:rgba(255,255,255,1);\">Vourvouru<\/div><\/div><\/div><\/div><\/a><\/div><\/div><div class=\"element be-hoverlay not-wide no-wide-width-height style1-hover c_to_c style3-title\"style=\"margin-bottom: 20px;\" data-category-names = \"\"><div class=\"element-inner\" style=\"margin-left: 20px;\"><a href=\"https:\/\/www.alindobrin.ro\/travel\/index.php\/portfolio\/tenerife\/\" class=\" thumb-wrap   \" data-gdpr-atts={} title=\"AA8A2207-Tenerife_Los_Abrigos\" ><div class=\"flip-wrap\" ><div   style = \"padding-bottom : 100%;;\" class=\"flip-img-wrap\"><img decoding=\"async\" src=\"https:\/\/www.alindobrin.ro\/travel\/wp-content\/uploads\/2020\/03\/AA8A2207-Tenerife_Los_Abrigos-650x650.jpg\" alt=\"\"\/><\/div><\/div><div class=\"thumb-overlay \"><div class=\"thumb-bg \" style=\"background:rgba(0,0,0,0.55)\"><div class=\"thumb-title-wrap \"><div class=\"thumb-title animated animation-trigger\" data-animation-type=\"none\"style=\"color:rgba(255,255,255,1);\">Tenerife<\/div><\/div><\/div><\/div><\/a><\/div><\/div><div class=\"element be-hoverlay not-wide no-wide-width-height style1-hover c_to_c style3-title\"style=\"margin-bottom: 20px;\" data-category-names = \"\"><div class=\"element-inner\" style=\"margin-left: 20px;\"><a href=\"https:\/\/www.alindobrin.ro\/travel\/index.php\/portfolio\/toscana\/\" class=\" thumb-wrap   \" data-gdpr-atts={} title=\"817C0312-low\" ><div class=\"flip-wrap\" ><div   style = \"padding-bottom : 100%;;\" class=\"flip-img-wrap\"><img decoding=\"async\" src=\"https:\/\/www.alindobrin.ro\/travel\/wp-content\/uploads\/2019\/05\/817C0312-low-650x640.jpg\" alt=\"\"\/><\/div><\/div><div class=\"thumb-overlay \"><div class=\"thumb-bg \" style=\"background:rgba(0,0,0,0.55)\"><div class=\"thumb-title-wrap \"><div class=\"thumb-title animated animation-trigger\" data-animation-type=\"none\"style=\"color:rgba(255,255,255,1);\">Toscana 2017<\/div><\/div><\/div><\/div><\/a><\/div><\/div><div class=\"element be-hoverlay not-wide no-wide-width-height style1-hover c_to_c style3-title\"style=\"margin-bottom: 20px;\" data-category-names = \"\"><div class=\"element-inner\" style=\"margin-left: 20px;\"><a href=\"https:\/\/www.alindobrin.ro\/travel\/index.php\/portfolio\/lefkada\/\" class=\" thumb-wrap   \" data-gdpr-atts={} title=\"lefkada2\" ><div class=\"flip-wrap\" ><div   style = \"padding-bottom : 100%;;\" class=\"flip-img-wrap\"><img decoding=\"async\" src=\"https:\/\/www.alindobrin.ro\/travel\/wp-content\/uploads\/2022\/02\/lefkada2-650x650.jpg\" alt=\"Lefkada\"\/><\/div><\/div><div class=\"thumb-overlay \"><div class=\"thumb-bg \" style=\"background:rgba(0,0,0,0.55)\"><div class=\"thumb-title-wrap \"><div class=\"thumb-title animated animation-trigger\" data-animation-type=\"none\"style=\"color:rgba(255,255,255,1);\">Lefkada<\/div><\/div><\/div><\/div><\/a><\/div><\/div><div class=\"element be-hoverlay not-wide no-wide-width-height style1-hover c_to_c style3-title\"style=\"margin-bottom: 20px;\" data-category-names = \"\"><div class=\"element-inner\" style=\"margin-left: 20px;\"><a href=\"https:\/\/www.alindobrin.ro\/travel\/index.php\/portfolio\/malaiesti-2013\/\" class=\" thumb-wrap   \" data-gdpr-atts={} title=\"817C6140\" ><div class=\"flip-wrap\" ><div   style = \"padding-bottom : 100%;;\" class=\"flip-img-wrap\"><img decoding=\"async\" src=\"https:\/\/www.alindobrin.ro\/travel\/wp-content\/uploads\/2020\/01\/817C6140-650x650.jpg\" alt=\"\"\/><\/div><\/div><div class=\"thumb-overlay \"><div class=\"thumb-bg \" style=\"background:rgba(0,0,0,0.55)\"><div class=\"thumb-title-wrap \"><div class=\"thumb-title animated animation-trigger\" data-animation-type=\"none\"style=\"color:rgba(255,255,255,1);\">M\u0103l\u0103ie\u0219ti 2013<\/div><\/div><\/div><\/div><\/a><\/div><\/div><div class=\"element be-hoverlay not-wide no-wide-width-height style1-hover c_to_c style3-title\"style=\"margin-bottom: 20px;\" data-category-names = \"\"><div class=\"element-inner\" style=\"margin-left: 20px;\"><a href=\"https:\/\/www.alindobrin.ro\/travel\/index.php\/portfolio\/santorini-2010\/\" class=\" thumb-wrap   \" data-gdpr-atts={} title=\"IMG_7431\" ><div class=\"flip-wrap\" ><div   style = \"padding-bottom : 100%;;\" class=\"flip-img-wrap\"><img decoding=\"async\" src=\"https:\/\/www.alindobrin.ro\/travel\/wp-content\/uploads\/2025\/02\/IMG_7431-650x650.jpg\" alt=\"Santorini\"\/><\/div><\/div><div class=\"thumb-overlay \"><div class=\"thumb-bg \" style=\"background:rgba(0,0,0,0.55)\"><div class=\"thumb-title-wrap \"><div class=\"thumb-title animated animation-trigger\" data-animation-type=\"none\"style=\"color:rgba(255,255,255,1);\">Santorini 2010<\/div><\/div><\/div><\/div><\/a><\/div><\/div><\/div><\/div><\/div><\/div><\/div><div class = \"tatsu-column-bg-image-wrap\"><div class = \"tatsu-column-bg-image\" ><\/div><\/div><\/div><style>.tatsu-row > .tatsu-fohema2clsaaq5rb.tatsu-column{width: 100%;}.tatsu-fohema2clsaaq5rb.tatsu-column > .tatsu-column-inner > .tatsu-column-overlay{mix-blend-mode: none;}.tatsu-fohema2clsaaq5rb > .tatsu-column-inner > .tatsu-top-divider{z-index: 9999;}.tatsu-fohema2clsaaq5rb > .tatsu-column-inner > .tatsu-bottom-divider{z-index: 9999;}.tatsu-fohema2clsaaq5rb > .tatsu-column-inner > .tatsu-left-divider{z-index: 9999;}.tatsu-fohema2clsaaq5rb > .tatsu-column-inner > .tatsu-right-divider{z-index: 9999;}<\/style><\/div><\/div><\/div><\/div><div class=\"tatsu-section-background-wrap\"><div class = \"tatsu-section-background\" ><\/div><\/div><style>.tatsu-fohema2ckt90zwx6.tatsu-section{background-color: rgba(37,37,37,1);}.tatsu-fohema2ckt90zwx6 > .tatsu-bottom-divider{z-index: 9999;}.tatsu-fohema2ckt90zwx6 > .tatsu-top-divider{z-index: 9999;}<\/style><\/div><div id=\"about\" class=\"tatsu-fohema2cn41bak0a tatsu-section    tatsu-clearfix\" data-title=\"\"  data-headerscheme=\"background--light\"><div class='tatsu-section-pad clearfix' data-padding='{\"d\":\"0px 0px 0px 0px \"}' data-padding-top='0px'><div class=\"tatsu-row-wrap  tatsu-row-full-width tatsu-row-has-one-half tatsu-row-has-two-cols tatsu-no-gutter tatsu-eq-cols tatsu-fullscreen-cols  tatsu-clearfix tatsu-fohema2cnj82cl9q\" ><div  class=\"tatsu-row \" ><div  class=\"tatsu-column  tatsu-column-empty tatsu-one-half tatsu-column-image-none tatsu-column-effect-none  tatsu-fohema2cntfudafe\"  data-parallax-speed=\"0\" style=\"\"><div class=\"tatsu-column-inner \" ><div class=\"tatsu-column-pad-wrap\"><div class=\"tatsu-column-pad\" ><\/div><\/div><div class = \"tatsu-column-bg-image-wrap\"><div class = \"tatsu-column-bg-image\" ><\/div><\/div><\/div><style>.tatsu-row > .tatsu-fohema2cntfudafe.tatsu-column{width: 50%;}.tatsu-fohema2cntfudafe.tatsu-column > .tatsu-column-inner > .tatsu-column-bg-image-wrap > .tatsu-column-bg-image{background-image: url(https:\/\/www.alindobrin.ro\/travel\/wp-content\/uploads\/2019\/05\/10835433_10205800459992644_4963634324698228193_o.jpg);background-repeat: no-repeat;background-attachment: scroll;background-position: center center;background-size: cover;}.tatsu-fohema2cntfudafe.tatsu-column > .tatsu-column-inner > .tatsu-bg-blur{background-repeat: no-repeat;background-attachment: scroll;background-position: center center;background-size: cover;}.tatsu-fohema2cntfudafe.tatsu-column > .tatsu-column-inner > .tatsu-column-overlay{mix-blend-mode: none;}.tatsu-fohema2cntfudafe > .tatsu-column-inner > .tatsu-top-divider{z-index: 9999;}.tatsu-fohema2cntfudafe > .tatsu-column-inner > .tatsu-bottom-divider{z-index: 9999;}.tatsu-fohema2cntfudafe > .tatsu-column-inner > .tatsu-left-divider{z-index: 9999;}.tatsu-fohema2cntfudafe > .tatsu-column-inner > .tatsu-right-divider{z-index: 9999;}@media only screen and (max-width: 767px) {.tatsu-row > .tatsu-fohema2cntfudafe.tatsu-column{width: 100%;}}<\/style><\/div><div  class=\"tatsu-column  tatsu-column-no-bg tatsu-one-half tatsu-column-align-middle tatsu-column-image-none tatsu-column-effect-none  tatsu-fohema2cocahmcy9\"  data-parallax-speed=\"0\" style=\"\"><div class=\"tatsu-column-inner \" ><div class=\"tatsu-column-pad-wrap\"><div class=\"tatsu-column-pad\" ><div  class=\"tatsu-module tatsu-inline-text clearfix tatsu-fohema2cou2c91tn   \" ><style>.tatsu-fohema2cou2c91tn .tatsu-inline-text-inner{width: 100%;text-align: left;}<\/style><div class=\"tatsu-inline-text-inner tatsu-align-center\">\n<h6 style=\"text-align: center;\">Alin dobrin<\/h6>\n<h2 style=\"font-variant-numeric: normal; font-variant-east-asian: normal; font-stretch: normal; background-color: #ffffff; letter-spacing: normal; text-align: center;\">Pasionat de fotografie, munte \u0219i muzic\u0103 bun\u0103<\/h2>\n<p style=\"text-align: center;\">At vero eos et accusamus et iusto odio dignissimos ducimus qui blanditiis praesentium voluptatum deleniti atque corrupti quos dolores et quas molestias excepturi sint occaecati cupiditate non provident, similique sunt in culpa qui officia deserunt mollitia animi, id est laborum et dolorum fuga.\u00a0At vero eos et accusamus et iusto odio dignissimos ducimus qui blanditiis praesentium voluptatum deleniti atque corrupti quos dolores et quas molestias excepturi sint occaecati cupiditate non provident, similique sunt in culpa qui officia deserunt mollitia animi.<span style=\"color: #494b4b;\"><span style=\"font-size: 16px;\">\u00a0<\/span><\/span><\/p>\n<\/div><\/div><div  class=\"tatsu-module tatsu-button-group align-center tatsu-fols7fqf8sg5xagk  \"  ><div  class=\"tatsu-module tatsu-normal-button tatsu-button-wrap   tatsu-fols7fqf93bfm6oq   \"><a class=\"tatsu-shortcode mediumbtn tatsu-button left-icon    bg-animation-none  \" href=\"https:\/\/www.alindobrin.ro\/travel\/index.php\/galerii\/\" style= \"\"  aria-label=\"Galerii\" data-gdpr-atts={} >Galerii<\/a><style>.tatsu-fols7fqf93bfm6oq .tatsu-button{background-color: rgba(255,255,255,1);color: rgba(0,0,0,1) ;border-width: 01px;border-color: #000000; }.tatsu-fols7fqf93bfm6oq .tatsu-button:hover{background-color: rgba(0,0,0,1);color: rgba(255,255,255,1) ;border-color: #000000; }<\/style><\/div><div  class=\"tatsu-module tatsu-normal-button tatsu-button-wrap   tatsu-fols7fqf9hd9w9jj   \"><a class=\"tatsu-shortcode mediumbtn tatsu-button left-icon    bg-animation-none  \" href=\"https:\/\/www.alindobrin.ro\/travel\/index.php\/contact\/\" style= \"\"  aria-label=\"Contact\" data-gdpr-atts={} >Contact<\/a><style>.tatsu-fols7fqf9hd9w9jj .tatsu-button{background-color: rgba(255,255,255,1);color: #000000 ;border-width: 01px;border-color: #000000; }.tatsu-fols7fqf9hd9w9jj .tatsu-button:hover{background-color: #ae9f6a;color: #ffffff ;border-color: #ae9f6a; }<\/style><\/div><\/div><style>.tatsu-fols7fqf8sg5xagk.tatsu-button-group{margin: 0px 0px 20px 0px;}<\/style><\/div><\/div><div class = \"tatsu-column-bg-image-wrap\"><div class = \"tatsu-column-bg-image\" ><\/div><\/div><\/div><style>.tatsu-row > .tatsu-fohema2cocahmcy9.tatsu-column{width: 50%;}.tatsu-fohema2cocahmcy9.tatsu-column > .tatsu-column-inner > .tatsu-column-pad-wrap > .tatsu-column-pad{padding: 120px 20% 120px 20% ;}.tatsu-fohema2cocahmcy9.tatsu-column > .tatsu-column-inner > .tatsu-column-overlay{mix-blend-mode: none;}.tatsu-fohema2cocahmcy9 > .tatsu-column-inner > .tatsu-top-divider{z-index: 9999;}.tatsu-fohema2cocahmcy9 > .tatsu-column-inner > .tatsu-bottom-divider{z-index: 9999;}.tatsu-fohema2cocahmcy9 > .tatsu-column-inner > .tatsu-left-divider{z-index: 9999;}.tatsu-fohema2cocahmcy9 > .tatsu-column-inner > .tatsu-right-divider{z-index: 9999;}@media only screen and (max-width: 767px) {.tatsu-row > .tatsu-fohema2cocahmcy9.tatsu-column{width: 100%;}}<\/style><\/div><\/div><\/div><\/div><div class=\"tatsu-section-background-wrap\"><div class = \"tatsu-section-background\" ><\/div><\/div><style>.tatsu-fohema2cn41bak0a.tatsu-section{background-color: rgba(255,255,255,1);}.tatsu-fohema2cn41bak0a > .tatsu-bottom-divider{z-index: 9999;}.tatsu-fohema2cn41bak0a > .tatsu-top-divider{z-index: 9999;}<\/style><\/div><div id=\"contact\" class=\"tatsu-g3a70uh5n1aodswo tatsu-section  tatsu-bg-overlay   tatsu-clearfix\" data-title=\"\"  data-headerscheme=\"background--dark\"><div class='tatsu-section-pad clearfix' data-padding='{\"d\":\"150px 0% 150px 0%\"}' data-padding-top='150px'><div class=\"tatsu-row-wrap  tatsu-wrap tatsu-row-one-col tatsu-row-has-one-cols tatsu-medium-gutter tatsu-reg-cols  tatsu-clearfix tatsu-g3a70uh5z13hv14c\" ><div  class=\"tatsu-row \" ><div  class=\"tatsu-column  tatsu-column-no-bg tatsu-one-col tatsu-column-image-none tatsu-column-effect-none  tatsu-g3a70uh6co9qu3c\"  data-parallax-speed=\"0\" style=\"\"><div class=\"tatsu-column-inner \" ><div class=\"tatsu-column-pad-wrap\"><div class=\"tatsu-column-pad\" ><div  class=\"tatsu-module tatsu-inline-text clearfix tatsu-g3a70uh6p51n28f9   \" ><style>.tatsu-g3a70uh6p51n28f9 .tatsu-inline-text-inner{width: 70%;text-align: left;}.tatsu-g3a70uh6p51n28f9.tatsu-inline-text{margin: 0px 0px 20px 0px ;}<\/style><div class=\"tatsu-inline-text-inner tatsu-align-center\">\n<h6 style=\"text-align: center;\"><span style=\"color: #ffffff;\"><span style=\"color: #ffffff;\">AI nevoie de fotografii?<\/span><\/span><\/h6>\n<h2 style=\"text-align: center;\"><span style=\"color: #ffffff;\"><span style=\"color: #ffffff;\">S\u0103 facem \u00eempreun\u0103 <\/span><\/span><\/h2>\n<h2 style=\"text-align: center;\"><span style=\"color: #ffffff;\"><span style=\"color: #ffffff;\">proiecte frumoase<\/span><\/span><\/h2>\n<\/div><\/div><div  class=\"tatsu-module tatsu-text-block-wrap tatsu-g3a70uh6ze8obe44  \"><div class=\"tatsu-text-inner tatsu-align-center  clearfix\" ><style>.tatsu-g3a70uh6ze8obe44.tatsu-text-block-wrap .tatsu-text-inner{text-align: left;}<\/style>\n<p style=\"text-align: center;\"><span style=\"color: #ffffff;\"><a style=\"color: #ffffff;\" href=\"tel:+4 0721 376 346\">+4 0721 376 346<\/a>\u00a0 | \u00a0\u00a0<a style=\"color: #ffffff;\" href=\"mailto:photo@alindobrin.ro\">photo@alindobrin.ro<\/a><\/span><\/p>\n<\/div><\/div><div  class=\"tatsu-module tatsu-icon-group tatsu-g3a70uh72u3qsy7v  \"  ><style>.tatsu-g3a70uh72u3qsy7v.tatsu-icon-group{text-align: center;margin: 0px 0px 20px 0px;}<\/style><div  class=\"tatsu-module tatsu-normal-icon tatsu-icon-shortcode align-none tatsu-g3a70uh7hdelb1fp   \"><style>.tatsu-g3a70uh7hdelb1fp .tatsu-icon{background-color: #ae9f6a;color: #ffffff ;}.tatsu-g3a70uh7hdelb1fp .tatsu-icon:hover{background-color: #ffffff;color: #ae9f6a ;}.tatsu-g3a70uh7hdelb1fp{border-width: 0px 0px 0px 0px;}<\/style><a href=\"https:\/\/www.facebook.com\/alin.dobrin\"  class=\"tatsu-icon-wrap circle     \"  aria-label=\"icon-facebook2\" data-gdpr-atts={}   ><i class=\"tatsu-icon tatsu-custom-icon tatsu-custom-icon-class icon-facebook2 tiny circle\"  data-animation=\"none\" data-animation-delay=\"0\"><\/i><\/a><\/div><div  class=\"tatsu-module tatsu-normal-icon tatsu-icon-shortcode align-none tatsu-g3a70uh7khebw8pd   \"><style>.tatsu-g3a70uh7khebw8pd .tatsu-icon{background-color: #ae9f6a;color: #ffffff ;}.tatsu-g3a70uh7khebw8pd .tatsu-icon:hover{background-color: #ffffff;color: #ae9f6a ;}.tatsu-g3a70uh7khebw8pd{border-width: 0px 0px 0px 0px;}<\/style><a href=\"https:\/\/vimeo.com\/alindobrin\"  class=\"tatsu-icon-wrap circle     \"  aria-label=\"icon-vimeo2\" data-gdpr-atts={}   ><i class=\"tatsu-icon tatsu-custom-icon tatsu-custom-icon-class icon-vimeo2 tiny circle\"  data-animation=\"none\" data-animation-delay=\"0\"><\/i><\/a><\/div><div  class=\"tatsu-module tatsu-normal-icon tatsu-icon-shortcode align-none tatsu-g3a70uh7nh81lt0r   \"><style>.tatsu-g3a70uh7nh81lt0r .tatsu-icon{background-color: #ae9f6a;color: #ffffff ;}.tatsu-g3a70uh7nh81lt0r .tatsu-icon:hover{background-color: #ffffff;color: #ae9f6a ;}.tatsu-g3a70uh7nh81lt0r{border-width: 0px 0px 0px 0px;}<\/style><a href=\"https:\/\/www.instagram.com\/adobrin\/\"  class=\"tatsu-icon-wrap circle     \"  aria-label=\"icon-instagram2\" data-gdpr-atts={}   ><i class=\"tatsu-icon tatsu-custom-icon tatsu-custom-icon-class icon-instagram2 tiny circle\"  data-animation=\"none\" data-animation-delay=\"0\"><\/i><\/a><\/div><\/div><\/div><\/div><div class = \"tatsu-column-bg-image-wrap\"><div class = \"tatsu-column-bg-image\" ><\/div><\/div><\/div><style>.tatsu-row > .tatsu-g3a70uh6co9qu3c.tatsu-column{width: 100%;}.tatsu-g3a70uh6co9qu3c.tatsu-column > .tatsu-column-inner > .tatsu-column-overlay{mix-blend-mode: none;}.tatsu-g3a70uh6co9qu3c > .tatsu-column-inner > .tatsu-top-divider{z-index: 9999;}.tatsu-g3a70uh6co9qu3c > .tatsu-column-inner > .tatsu-bottom-divider{z-index: 9999;}.tatsu-g3a70uh6co9qu3c > .tatsu-column-inner > .tatsu-left-divider{z-index: 9999;}.tatsu-g3a70uh6co9qu3c > .tatsu-column-inner > .tatsu-right-divider{z-index: 9999;}<\/style><\/div><\/div><\/div><\/div><div class=\"tatsu-section-background-wrap\"><div class = \"tatsu-section-background\" ><\/div><\/div><div class=\"tatsu-overlay tatsu-section-overlay\"><\/div><style>.tatsu-g3a70uh5n1aodswo.tatsu-section{background-color: #000000;}.tatsu-g3a70uh5n1aodswo .tatsu-section-background{background-image: url(https:\/\/www.alindobrin.ro\/travel\/wp-content\/uploads\/2019\/05\/817C0312-low.jpg);background-repeat: no-repeat;background-attachment: scroll;background-position: center center;background-size: cover;}.tatsu-g3a70uh5n1aodswo .tatsu-bg-blur{background-repeat: no-repeat;background-attachment: scroll;background-position: center center;background-size: cover;}.tatsu-g3a70uh5n1aodswo{border-width: 0px 0px px 0px;border-style: solid;}.tatsu-g3a70uh5n1aodswo .tatsu-section-pad{padding: 150px 0% 150px 0%;}.tatsu-g3a70uh5n1aodswo > .tatsu-bottom-divider{z-index: 9999;}.tatsu-g3a70uh5n1aodswo > .tatsu-top-divider{z-index: 9999;}.tatsu-g3a70uh5n1aodswo .tatsu-section-overlay{background: rgba(0,0,0,0.5);mix-blend-mode: normal;}<\/style><\/div>\n","protected":false},"excerpt":{"rendered":"<p><a href=\"https:\/\/www.alindobrin.ro\/travel\/index.php\/portfolio\/santorini-2010\/\" class=\"more-link style1-button\">Read More<\/a><\/p>","protected":false},"author":1,"featured_media":0,"parent":0,"menu_order":0,"comment_status":"closed","ping_status":"closed","template":"","meta":{"_monsterinsights_skip_tracking":false,"_monsterinsights_sitenote_active":false,"_monsterinsights_sitenote_note":"","_monsterinsights_sitenote_category":0,"footnotes":""},"class_list":["post-102","page","type-page","status-publish","hentry"],"_links":{"self":[{"href":"https:\/\/www.alindobrin.ro\/travel\/index.php\/wp-json\/wp\/v2\/pages\/102","targetHints":{"allow":["GET"]}}],"collection":[{"href":"https:\/\/www.alindobrin.ro\/travel\/index.php\/wp-json\/wp\/v2\/pages"}],"about":[{"href":"https:\/\/www.alindobrin.ro\/travel\/index.php\/wp-json\/wp\/v2\/types\/page"}],"author":[{"embeddable":true,"href":"https:\/\/www.alindobrin.ro\/travel\/index.php\/wp-json\/wp\/v2\/users\/1"}],"replies":[{"embeddable":true,"href":"https:\/\/www.alindobrin.ro\/travel\/index.php\/wp-json\/wp\/v2\/comments?post=102"}],"version-history":[{"count":18,"href":"https:\/\/www.alindobrin.ro\/travel\/index.php\/wp-json\/wp\/v2\/pages\/102\/revisions"}],"predecessor-version":[{"id":395,"href":"https:\/\/www.alindobrin.ro\/travel\/index.php\/wp-json\/wp\/v2\/pages\/102\/revisions\/395"}],"wp:attachment":[{"href":"https:\/\/www.alindobrin.ro\/travel\/index.php\/wp-json\/wp\/v2\/media?parent=102"}],"curies":[{"name":"wp","href":"https:\/\/api.w.org\/{rel}","templated":true}]}}